{"id":28,"date":"2020-05-31T00:55:25","date_gmt":"2020-05-30T22:55:25","guid":{"rendered":"http:\/\/jb-design.net\/?page_id=28"},"modified":"2023-08-29T20:04:47","modified_gmt":"2023-08-29T18:04:47","slug":"kontakt","status":"publish","type":"page","link":"https:\/\/jb-design.net\/en\/kontakt\/","title":{"rendered":"Contact"},"content":{"rendered":"<p>[et_pb_section fb_built=&#8220;1&#8243; custom_padding_last_edited=&#8220;on|desktop&#8220; prev_background_color=&#8220;#FFFFFF&#8220; next_background_color=&#8220;#ffffff&#8220; admin_label=&#8220;Header&#8220; _builder_version=&#8220;4.16&#8243; background_color_gradient_direction=&#8220;130deg&#8220; background_image=&#8220;https:\/\/jb-design.net\/wp-content\/uploads\/2022\/05\/Kontakt-Banner.jpg&#8220; max_height=&#8220;490px&#8220; custom_padding=&#8220;7vw||10vw||false|false&#8220; custom_padding_tablet=&#8220;100px||100px||true&#8220; custom_padding_phone=&#8220;||||true&#8220; top_divider_style=&#8220;slant&#8220; top_divider_height=&#8220;40px&#8220; top_divider_flip=&#8220;horizontal&#8220; top_divider_flip_tablet=&#8220;&#8220; top_divider_flip_phone=&#8220;&#8220; top_divider_flip_last_edited=&#8220;on|phone&#8220; bottom_divider_style=&#8220;slant&#8220; bottom_divider_height=&#8220;40px&#8220; bottom_divider_repeat=&#8220;1x&#8220; bottom_divider_flip=&#8220;vertical&#8220; bottom_divider_height_tablet=&#8220;150px&#8220; bottom_divider_height_phone=&#8220;110px&#8220; bottom_divider_height_last_edited=&#8220;on|phone&#8220; background_last_edited=&#8220;on|phone&#8220; background_image_tablet=&#8220;https:\/\/jb-design.net\/wp-content\/uploads\/2022\/05\/Kntakt-Banner-square.jpg&#8220; background_image_phone=&#8220;https:\/\/jb-design.net\/wp-content\/uploads\/2022\/05\/Kntakt-Banner-square.jpg&#8220; background_enable_image_tablet=&#8220;on&#8220; background_enable_image_phone=&#8220;on&#8220; parallax_phone=&#8220;off&#8220; parallax_method_phone=&#8220;off&#8220; background_size_tablet=&#8220;cover&#8220; background_size_phone=&#8220;cover&#8220; background_position_tablet=&#8220;center&#8220; background_position_phone=&#8220;center_right&#8220; saved_tabs=&#8220;all&#8220; global_colors_info=&#8220;{}&#8220;][et_pb_row column_structure=&#8220;1_2,1_2&#8243; _builder_version=&#8220;4.16&#8243; background_color_gradient_direction=&#8220;90deg&#8220; custom_margin=&#8220;-43px|auto||auto||&#8220; global_colors_info=&#8220;{}&#8220;][et_pb_column type=&#8220;1_2&#8243; _builder_version=&#8220;4.16&#8243; background_enable_color=&#8220;off&#8220; custom_padding=&#8220;|||&#8220; global_colors_info=&#8220;{%22gcid-d5ea6999-309f-4aad-987c-49b557ff08e1%22:%91%22background_color%22%93}&#8220; custom_padding__hover=&#8220;|||&#8220;][et_pb_text _builder_version=&#8220;4.16&#8243; text_font=&#8220;|700|||||||&#8220; text_font_size=&#8220;16px&#8220; text_line_height=&#8220;1.8em&#8220; header_font=&#8220;|700|||||||&#8220; header_text_align=&#8220;center&#8220; header_font_size=&#8220;100px&#8220; header_line_height=&#8220;0.9em&#8220; header_2_font_size=&#8220;50px&#8220; header_3_font=&#8220;|700||on|||||&#8220; header_3_text_align=&#8220;center&#8220; header_3_text_color=&#8220;#ffffff&#8220; header_3_font_size=&#8220;24px&#8220; header_3_letter_spacing=&#8220;10px&#8220; header_3_line_height=&#8220;2em&#8220; background_enable_color=&#8220;off&#8220; use_background_color_gradient=&#8220;on&#8220; background_color_gradient_direction=&#8220;90deg&#8220; background_color_gradient_stops=&#8220;rgba(247,117,30,0.45) 0%|rgba(247,117,30,0.85) 100%&#8220; background_color_gradient_start=&#8220;rgba(247,117,30,0.45)&#8220; background_color_gradient_end=&#8220;rgba(247,117,30,0.85)&#8220; text_orientation=&#8220;center&#8220; background_layout=&#8220;dark&#8220; width=&#8220;530px&#8220; width_tablet=&#8220;470px&#8220; width_phone=&#8220;310px&#8220; width_last_edited=&#8220;on|phone&#8220; module_alignment=&#8220;center&#8220; custom_margin_tablet=&#8220;300px||||false|false&#8220; custom_margin_phone=&#8220;300px||||false|false&#8220; custom_margin_last_edited=&#8220;on|tablet&#8220; custom_padding=&#8220;20px|20px|20px|20px|false|false&#8220; text_font_size_last_edited=&#8220;off|desktop&#8220; header_font_size_tablet=&#8220;88px&#8220; header_font_size_phone=&#8220;48px&#8220; header_font_size_last_edited=&#8220;on|phone&#8220; header_2_font_size_tablet=&#8220;33px&#8220; header_2_font_size_phone=&#8220;25px&#8220; header_2_font_size_last_edited=&#8220;on|phone&#8220; header_3_font_size_tablet=&#8220;16px&#8220; header_3_font_size_phone=&#8220;15px&#8220; header_3_font_size_last_edited=&#8220;on|phone&#8220; header_3_letter_spacing_tablet=&#8220;5px&#8220; header_3_letter_spacing_phone=&#8220;&#8220; header_3_letter_spacing_last_edited=&#8220;on|tablet&#8220; background_last_edited=&#8220;on|desktop&#8220; module_alignment_tablet=&#8220;left&#8220; module_alignment_phone=&#8220;center&#8220; module_alignment_last_edited=&#8220;on|tablet&#8220; global_colors_info=&#8220;{%22gcid-d5ea6999-309f-4aad-987c-49b557ff08e1%22:%91%22background_color%22%93}&#8220;]<\/p>\n<h2 style=\"text-align: left;\">IT'S A PLEASURE<\/h2>\n<h1 style=\"text-align: left; padding-left: 40px;\"><span style=\"color: #000000;\">TO GET IN<br \/>CONTACT<\/span><span style=\"color: #000000;\"><br \/><\/span><\/h1>\n<p>[\/et_pb_text][\/et_pb_column][et_pb_column type=&#8220;1_2&#8243; _builder_version=&#8220;4.16&#8243; _module_preset=&#8220;default&#8220; global_colors_info=&#8220;{}&#8220;][\/et_pb_column][\/et_pb_row][\/et_pb_section][et_pb_section fb_built=&#8220;1&#8243; admin_label=&#8220;MARKETING&#8220; _builder_version=&#8220;4.16&#8243; custom_padding=&#8220;80px|0px|80px|0px|true|false&#8220; global_colors_info=&#8220;{}&#8220;][et_pb_row _builder_version=&#8220;4.16&#8243; _module_preset=&#8220;default&#8220; global_colors_info=&#8220;{}&#8220;][et_pb_column type=&#8220;4_4&#8243; _builder_version=&#8220;4.16&#8243; _module_preset=&#8220;default&#8220; global_colors_info=&#8220;{}&#8220;][et_pb_divider color=&#8220;gcid-d5ea6999-309f-4aad-987c-49b557ff08e1&#8243; divider_position=&#8220;bottom&#8220; divider_weight=&#8220;5px&#8220; _builder_version=&#8220;4.16&#8243; _module_preset=&#8220;default&#8220; width=&#8220;20%&#8220; global_colors_info=&#8220;{%22gcid-d5ea6999-309f-4aad-987c-49b557ff08e1%22:%91%22color%22%93}&#8220;][\/et_pb_divider][\/et_pb_column][\/et_pb_row][et_pb_row column_structure=&#8220;2_3,1_3&#8243; admin_label=&#8220;Zeile&#8220; _builder_version=&#8220;4.16&#8243; custom_padding=&#8220;|||&#8220; global_colors_info=&#8220;{}&#8220;][et_pb_column type=&#8220;2_3&#8243; _builder_version=&#8220;4.16&#8243; custom_padding=&#8220;|||&#8220; global_colors_info=&#8220;{}&#8220; custom_padding__hover=&#8220;|||&#8220;][et_pb_text _builder_version=&#8220;4.16&#8243; text_font=&#8220;||||||||&#8220; text_font_size=&#8220;16px&#8220; text_line_height=&#8220;2em&#8220; ul_font=&#8220;||||||||&#8220; header_font=&#8220;||||||||&#8220; header_text_align=&#8220;left&#8220; header_2_font=&#8220;Roboto|700|||||||&#8220; header_2_text_align=&#8220;left&#8220; header_2_font_size=&#8220;45px&#8220; header_2_line_height=&#8220;1.2em&#8220; header_3_font=&#8220;||||||||&#8220; header_3_font_size=&#8220;40px&#8220; max_width=&#8220;800px&#8220; max_width_last_edited=&#8220;off|desktop&#8220; module_alignment=&#8220;left&#8220; custom_margin=&#8220;|||&#8220; custom_padding=&#8220;|||&#8220; header_2_font_size_tablet=&#8220;35px&#8220; header_2_font_size_phone=&#8220;28px&#8220; header_2_font_size_last_edited=&#8220;on|phone&#8220; global_colors_info=&#8220;{}&#8220;]<\/p>\n<h3>WIN TO WIN<\/h3>\n<p style=\"padding-left: 40px;\">is the basis of a good corporate relationship. Get in touch with us, we will advise you in a free consultation and will be happy to respond to individual inquiries and needs.<\/p>\n<p>[\/et_pb_text][\/et_pb_column][et_pb_column type=&#8220;1_3&#8243; _builder_version=&#8220;4.16&#8243; custom_padding=&#8220;|||&#8220; global_colors_info=&#8220;{}&#8220; custom_padding__hover=&#8220;|||&#8220;][\/et_pb_column][\/et_pb_row][\/et_pb_section][et_pb_section fb_built=&#8220;1&#8243; custom_padding_last_edited=&#8220;on|desktop&#8220; prev_background_color=&#8220;#ffffff&#8220; admin_label=&#8220;IT Transformation&#8220; _builder_version=&#8220;4.16&#8243; background_enable_color=&#8220;off&#8220; use_background_color_gradient=&#8220;on&#8220; background_color_gradient_direction=&#8220;130deg&#8220; background_color_gradient_stops=&#8220;#e02b20 0%|gcid-d5ea6999-309f-4aad-987c-49b557ff08e1 100%&#8220; background_color_gradient_start=&#8220;#e02b20&#8243; background_color_gradient_end=&#8220;gcid-d5ea6999-309f-4aad-987c-49b557ff08e1&#8243; background_enable_image=&#8220;off&#8220; parallax=&#8220;on&#8220; max_height_tablet=&#8220;800px&#8220; max_height_phone=&#8220;&#8220; max_height_last_edited=&#8220;on|tablet&#8220; custom_padding=&#8220;2vw||10vw||false|false&#8220; custom_padding_tablet=&#8220;100px||100px||true&#8220; custom_padding_phone=&#8220;||||true&#8220; top_divider_style=&#8220;slant&#8220; top_divider_height=&#8220;40px&#8220; top_divider_flip=&#8220;horizontal&#8220; top_divider_flip_tablet=&#8220;&#8220; top_divider_flip_phone=&#8220;&#8220; top_divider_flip_last_edited=&#8220;on|phone&#8220; bottom_divider_height=&#8220;40px&#8220; bottom_divider_repeat=&#8220;1x&#8220; bottom_divider_flip=&#8220;vertical&#8220; bottom_divider_height_tablet=&#8220;150px&#8220; bottom_divider_height_phone=&#8220;110px&#8220; bottom_divider_height_last_edited=&#8220;on|phone&#8220; background_last_edited=&#8220;on|phone&#8220; parallax_phone=&#8220;off&#8220; background_size_tablet=&#8220;cover&#8220; background_position_phone=&#8220;center_right&#8220; saved_tabs=&#8220;all&#8220; global_colors_info=&#8220;{%22gcid-d5ea6999-309f-4aad-987c-49b557ff08e1%22:%91%22colorEnd%22%93}&#8220;][et_pb_row _builder_version=&#8220;4.16&#8243; _module_preset=&#8220;default&#8220; global_colors_info=&#8220;{}&#8220;][et_pb_column type=&#8220;4_4&#8243; _builder_version=&#8220;4.16&#8243; _module_preset=&#8220;default&#8220; global_colors_info=&#8220;{}&#8220;][et_pb_divider color=&#8220;gcid-d5ea6999-309f-4aad-987c-49b557ff08e1&#8243; divider_position=&#8220;bottom&#8220; divider_weight=&#8220;5px&#8220; _builder_version=&#8220;4.16&#8243; _module_preset=&#8220;default&#8220; width=&#8220;20%&#8220; global_colors_info=&#8220;{%22gcid-d5ea6999-309f-4aad-987c-49b557ff08e1%22:%91%22color%22%93}&#8220;][\/et_pb_divider][\/et_pb_column][\/et_pb_row][et_pb_row column_structure=&#8220;2_3,1_3&#8243; admin_label=&#8220;Zeile&#8220; _builder_version=&#8220;4.16&#8243; custom_padding=&#8220;|||&#8220; global_colors_info=&#8220;{}&#8220;][et_pb_column type=&#8220;2_3&#8243; _builder_version=&#8220;4.16&#8243; custom_padding=&#8220;|||&#8220; global_colors_info=&#8220;{}&#8220; custom_padding__hover=&#8220;|||&#8220;][et_pb_text _builder_version=&#8220;4.16&#8243; text_font=&#8220;||||||||&#8220; text_font_size=&#8220;16px&#8220; text_line_height=&#8220;2em&#8220; ul_font=&#8220;||||||||&#8220; header_font=&#8220;||||||||&#8220; header_text_align=&#8220;left&#8220; header_2_font=&#8220;Roboto|700|||||||&#8220; header_2_text_align=&#8220;left&#8220; header_2_font_size=&#8220;45px&#8220; header_2_line_height=&#8220;1.2em&#8220; header_3_font=&#8220;||||||||&#8220; header_3_font_size=&#8220;40px&#8220; max_width=&#8220;800px&#8220; max_width_last_edited=&#8220;off|desktop&#8220; module_alignment=&#8220;left&#8220; custom_margin=&#8220;|||&#8220; custom_padding=&#8220;|||&#8220; header_2_font_size_tablet=&#8220;35px&#8220; header_2_font_size_phone=&#8220;28px&#8220; header_2_font_size_last_edited=&#8220;on|phone&#8220; global_colors_info=&#8220;{}&#8220;]<\/p>\n<h3>CONTACT FORM<\/h3>\n<p>[\/et_pb_text][\/et_pb_column][et_pb_column type=&#8220;1_3&#8243; _builder_version=&#8220;4.16&#8243; custom_padding=&#8220;|||&#8220; global_colors_info=&#8220;{}&#8220; custom_padding__hover=&#8220;|||&#8220;][\/et_pb_column][\/et_pb_row][et_pb_row custom_padding_last_edited=&#8220;on|phone&#8220; admin_label=&#8220;Zeile&#8220; _builder_version=&#8220;4.16&#8243; width=&#8220;100%&#8220; width_tablet=&#8220;100%&#8220; width_phone=&#8220;80%&#8220; width_last_edited=&#8220;on|phone&#8220; module_alignment=&#8220;center&#8220; custom_margin=&#8220;-90px|0px|0px|0px|false|true&#8220; custom_margin_tablet=&#8220;-50px|0px|0px|0px|false|true&#8220; custom_margin_phone=&#8220;-50px|0px|0px|0px|false|true&#8220; custom_margin_last_edited=&#8220;on|desktop&#8220; custom_padding=&#8220;|||&#8220; custom_padding_tablet=&#8220;|||&#8220; custom_padding_phone=&#8220;|||&#8220; module_alignment_tablet=&#8220;right&#8220; module_alignment_phone=&#8220;center&#8220; module_alignment_last_edited=&#8220;on|phone&#8220; global_colors_info=&#8220;{}&#8220;][et_pb_column type=&#8220;4_4&#8243; admin_label=&#8220;Spalte&#8220; _builder_version=&#8220;4.16&#8243; custom_padding=&#8220;0px||||false|false&#8220; global_colors_info=&#8220;{}&#8220; custom_padding__hover=&#8220;|||&#8220;][et_pb_contact_form email=&#8220;contact@jb-design.net&#8220; success_message=&#8220;Vielen Dank f\u00fcr Ihre Nachricht, wir melden uns schnellstm\u00f6glich zur\u00fcck&#8220; submit_button_text=&#8220;ABSENDEN&#8220; _builder_version=&#8220;4.22.1&#8243; _module_preset=&#8220;default&#8220; _unique_id=&#8220;6e2872c5-50b7-4fa2-aadf-9dd82769b6b3&#8243; custom_button=&#8220;on&#8220; button_text_color=&#8220;#000000&#8243; button_bg_color=&#8220;gcid-d5ea6999-309f-4aad-987c-49b557ff08e1&#8243; button_border_color=&#8220;gcid-d5ea6999-309f-4aad-987c-49b557ff08e1&#8243; hover_enabled=&#8220;0&#8243; global_colors_info=&#8220;{%22gcid-d5ea6999-309f-4aad-987c-49b557ff08e1%22:%91%22button_border_color%22,%22button_bg_color%22%93}&#8220; button_font=&#8220;|700|||||||&#8220; sticky_enabled=&#8220;0&#8243;][et_pb_contact_field field_id=&#8220;Name&#8220; field_title=&#8220;Name&#8220; _builder_version=&#8220;4.16&#8243; global_colors_info=&#8220;{}&#8220; button_text_size__hover_enabled=&#8220;off&#8220; button_one_text_size__hover_enabled=&#8220;off&#8220; button_two_text_size__hover_enabled=&#8220;off&#8220; button_text_color__hover_enabled=&#8220;off&#8220; button_one_text_color__hover_enabled=&#8220;off&#8220; button_two_text_color__hover_enabled=&#8220;off&#8220; button_border_width__hover_enabled=&#8220;off&#8220; button_one_border_width__hover_enabled=&#8220;off&#8220; button_two_border_width__hover_enabled=&#8220;off&#8220; button_border_color__hover_enabled=&#8220;off&#8220; button_one_border_color__hover_enabled=&#8220;off&#8220; button_two_border_color__hover_enabled=&#8220;off&#8220; button_border_radius__hover_enabled=&#8220;off&#8220; button_one_border_radius__hover_enabled=&#8220;off&#8220; button_two_border_radius__hover_enabled=&#8220;off&#8220; button_letter_spacing__hover_enabled=&#8220;off&#8220; button_one_letter_spacing__hover_enabled=&#8220;off&#8220; button_two_letter_spacing__hover_enabled=&#8220;off&#8220; button_bg_color__hover_enabled=&#8220;off&#8220; button_one_bg_color__hover_enabled=&#8220;off&#8220; button_two_bg_color__hover_enabled=&#8220;off&#8220;][\/et_pb_contact_field][et_pb_contact_field field_id=&#8220;Email&#8220; field_title=&#8220;E-Mail-Adresse&#8220; field_type=&#8220;email&#8220; _builder_version=&#8220;4.16&#8243; global_colors_info=&#8220;{}&#8220; button_text_size__hover_enabled=&#8220;off&#8220; button_one_text_size__hover_enabled=&#8220;off&#8220; button_two_text_size__hover_enabled=&#8220;off&#8220; button_text_color__hover_enabled=&#8220;off&#8220; button_one_text_color__hover_enabled=&#8220;off&#8220; button_two_text_color__hover_enabled=&#8220;off&#8220; button_border_width__hover_enabled=&#8220;off&#8220; button_one_border_width__hover_enabled=&#8220;off&#8220; button_two_border_width__hover_enabled=&#8220;off&#8220; button_border_color__hover_enabled=&#8220;off&#8220; button_one_border_color__hover_enabled=&#8220;off&#8220; button_two_border_color__hover_enabled=&#8220;off&#8220; button_border_radius__hover_enabled=&#8220;off&#8220; button_one_border_radius__hover_enabled=&#8220;off&#8220; button_two_border_radius__hover_enabled=&#8220;off&#8220; button_letter_spacing__hover_enabled=&#8220;off&#8220; button_one_letter_spacing__hover_enabled=&#8220;off&#8220; button_two_letter_spacing__hover_enabled=&#8220;off&#8220; button_bg_color__hover_enabled=&#8220;off&#8220; button_one_bg_color__hover_enabled=&#8220;off&#8220; button_two_bg_color__hover_enabled=&#8220;off&#8220;][\/et_pb_contact_field][et_pb_contact_field field_id=&#8220;NACHRICHT&#8220; field_title=&#8220;NACHRICHT&#8220; field_type=&#8220;text&#8220; fullwidth_field=&#8220;on&#8220; _builder_version=&#8220;4.16&#8243; global_colors_info=&#8220;{}&#8220; button_text_size__hover_enabled=&#8220;off&#8220; button_one_text_size__hover_enabled=&#8220;off&#8220; button_two_text_size__hover_enabled=&#8220;off&#8220; button_text_color__hover_enabled=&#8220;off&#8220; button_one_text_color__hover_enabled=&#8220;off&#8220; button_two_text_color__hover_enabled=&#8220;off&#8220; button_border_width__hover_enabled=&#8220;off&#8220; button_one_border_width__hover_enabled=&#8220;off&#8220; button_two_border_width__hover_enabled=&#8220;off&#8220; button_border_color__hover_enabled=&#8220;off&#8220; button_one_border_color__hover_enabled=&#8220;off&#8220; button_two_border_color__hover_enabled=&#8220;off&#8220; button_border_radius__hover_enabled=&#8220;off&#8220; button_one_border_radius__hover_enabled=&#8220;off&#8220; button_two_border_radius__hover_enabled=&#8220;off&#8220; button_letter_spacing__hover_enabled=&#8220;off&#8220; button_one_letter_spacing__hover_enabled=&#8220;off&#8220; button_two_letter_spacing__hover_enabled=&#8220;off&#8220; button_bg_color__hover_enabled=&#8220;off&#8220; button_one_bg_color__hover_enabled=&#8220;off&#8220; button_two_bg_color__hover_enabled=&#8220;off&#8220;][\/et_pb_contact_field][\/et_pb_contact_form][\/et_pb_column][\/et_pb_row][et_pb_row column_structure=&#8220;1_2,1_2&#8243; module_class=&#8220; et_pb_row_fullwidth&#8220; _builder_version=&#8220;4.16&#8243; width=&#8220;89%&#8220; width_tablet=&#8220;80%&#8220; width_phone=&#8220;80%&#8220; width_last_edited=&#8220;on|desktop&#8220; max_width_tablet=&#8220;80%&#8220; max_width_phone=&#8220;80%&#8220; max_width_last_edited=&#8220;on|desktop&#8220; custom_margin_phone=&#8220;|||&#8220; custom_margin_last_edited=&#8220;off|desktop&#8220; custom_padding=&#8220;|||&#8220; make_fullwidth=&#8220;on&#8220; global_colors_info=&#8220;{}&#8220;][et_pb_column type=&#8220;1_2&#8243; _builder_version=&#8220;4.16&#8243; custom_padding=&#8220;|||&#8220; global_colors_info=&#8220;{}&#8220; custom_padding__hover=&#8220;|||&#8220;][et_pb_text _builder_version=&#8220;4.16&#8243; text_font=&#8220;||||||||&#8220; header_font=&#8220;||||||||&#8220; header_2_font=&#8220;Roboto|700|||||||&#8220; header_2_font_size=&#8220;50px&#8220; header_2_line_height=&#8220;1.4em&#8220; header_3_font=&#8220;Roboto|700||on|||||&#8220; header_3_text_align=&#8220;center&#8220; header_3_text_color=&#8220;#ffffff&#8220; header_3_font_size=&#8220;24px&#8220; header_3_letter_spacing=&#8220;5px&#8220; header_3_line_height=&#8220;2em&#8220; text_orientation=&#8220;center&#8220; background_layout=&#8220;dark&#8220; max_width=&#8220;248px&#8220; module_alignment=&#8220;left&#8220; custom_margin=&#8220;|-26px||||&#8220; custom_padding=&#8220;|0px||||&#8220; text_font_size_last_edited=&#8220;off|desktop&#8220; header_2_font_size_tablet=&#8220;40px&#8220; header_2_font_size_phone=&#8220;32px&#8220; header_2_font_size_last_edited=&#8220;on|desktop&#8220; header_3_font_size_tablet=&#8220;16px&#8220; header_3_font_size_phone=&#8220;14px&#8220; header_3_font_size_last_edited=&#8220;on|phone&#8220; border_width_top=&#8220;2px&#8220; border_color_top=&#8220;gcid-d5ea6999-309f-4aad-987c-49b557ff08e1&#8243; border_width_bottom=&#8220;2px&#8220; border_color_bottom=&#8220;gcid-d5ea6999-309f-4aad-987c-49b557ff08e1&#8243; global_colors_info=&#8220;{%22gcid-d5ea6999-309f-4aad-987c-49b557ff08e1%22:%91%22border_color_bottom%22,%22border_color_top%22%93}&#8220;]<\/p>\n<p style=\"text-align: left;\"><span style=\"color: #000000;\"><\/span><\/p>\n<p style=\"text-align: left;\"><span style=\"color: #000000;\"><\/span><\/p>\n<p style=\"text-align: left;\"><span style=\"color: #000000;\">JB | Design &amp; Marketing<\/span><br \/><span style=\"color: #000000;\">Sertoriusring 13<\/span><br \/><span style=\"color: #000000;\">55126 Mainz, Germany<\/span><\/p>\n<p style=\"text-align: left;\"><span style=\"color: #000000;\">Phone +49 6131 \u00b7 889 36 54<\/span><br \/><span style=\"color: #000000;\">Mobile +49 163 \u00b7 460 11 71<\/span><br \/><span style=\"color: #000000;\">E-m@il contact(a)jb-design.net<\/span><\/p>\n<p style=\"text-align: left;\"><span style=\"color: #000000;\"><\/span><\/p>\n<p style=\"text-align: left;\"><span style=\"color: #000000;\"><\/span><\/p>\n<p>[\/et_pb_text][\/et_pb_column][et_pb_column type=&#8220;1_2&#8243; _builder_version=&#8220;4.16&#8243; custom_padding=&#8220;|||&#8220; border_color_right=&#8220;#FFFFFF&#8220; global_colors_info=&#8220;{}&#8220; custom_padding__hover=&#8220;|||&#8220;][\/et_pb_column][\/et_pb_row][\/et_pb_section]<\/p>","protected":false},"excerpt":{"rendered":"<p>WIR FREUEN UNS AUF IHRENKONTAKTWIN TO WIN ist die Basis einer guten Unternehmensbeziehung. Nehmen Sie Kontakt mit uns auf, wir beraten Sie in einem kostenfreien Gespr\u00e4ch und gehen gerne auf individuelle Anfragen und Bed\u00fcrfnisse ein.KONTAKTFORMULAR JB | Design &amp; MarketingSertoriusring 1355126 Mainz, Deutschland Phone +49 6131 \u00b7 889 36 54Mobile +49 163 \u00b7 460 11 [&hellip;]<\/p>","protected":false},"author":1,"featured_media":0,"parent":0,"menu_order":0,"comment_status":"closed","ping_status":"closed","template":"","meta":{"_et_pb_use_builder":"on","_et_pb_old_content":"<!-- wp:divi\/placeholder \/-->","_et_gb_content_width":"","inline_featured_image":false},"_links":{"self":[{"href":"https:\/\/jb-design.net\/en\/wp-json\/wp\/v2\/pages\/28"}],"collection":[{"href":"https:\/\/jb-design.net\/en\/wp-json\/wp\/v2\/pages"}],"about":[{"href":"https:\/\/jb-design.net\/en\/wp-json\/wp\/v2\/types\/page"}],"author":[{"embeddable":true,"href":"https:\/\/jb-design.net\/en\/wp-json\/wp\/v2\/users\/1"}],"replies":[{"embeddable":true,"href":"https:\/\/jb-design.net\/en\/wp-json\/wp\/v2\/comments?post=28"}],"version-history":[{"count":8,"href":"https:\/\/jb-design.net\/en\/wp-json\/wp\/v2\/pages\/28\/revisions"}],"predecessor-version":[{"id":833,"href":"https:\/\/jb-design.net\/en\/wp-json\/wp\/v2\/pages\/28\/revisions\/833"}],"wp:attachment":[{"href":"https:\/\/jb-design.net\/en\/wp-json\/wp\/v2\/media?parent=28"}],"curies":[{"name":"wp","href":"https:\/\/api.w.org\/{rel}","templated":true}]}}